{"id":13,"date":"2025-03-07T14:32:48","date_gmt":"2025-03-07T13:32:48","guid":{"rendered":"https:\/\/sv-nimritz.2ix.de\/?page_id=13"},"modified":"2026-01-12T17:47:22","modified_gmt":"2026-01-12T16:47:22","slug":"startseite","status":"publish","type":"page","link":"https:\/\/sv-nimritz.2ix.de\/startseite\/","title":{"rendered":"Startseite"},"content":{"rendered":"\n<figure class=\"wp-block-image size-full\"><img loading=\"lazy\" decoding=\"async\" width=\"800\" height=\"486\" src=\"https:\/\/sv-nimritz.2ix.de\/wp-content\/uploads\/2025\/03\/image.png\" alt=\"\" class=\"wp-image-15\" srcset=\"https:\/\/sv-nimritz.2ix.de\/wp-content\/uploads\/2025\/03\/image.png 800w, https:\/\/sv-nimritz.2ix.de\/wp-content\/uploads\/2025\/03\/image-300x182.png 300w, https:\/\/sv-nimritz.2ix.de\/wp-content\/uploads\/2025\/03\/image-768x467.png 768w\" sizes=\"auto, (max-width: 800px) 100vw, 800px\" \/><\/figure>\n\n\n\n<h2 class=\"wp-block-heading is-style-text-subtitle\">Der Sch\u00fctzenverein Nimritz 1995 e.V. wurde am 30.05.1995 gegr\u00fcndet<\/h2>\n\n\n\n<p class=\"is-style-text-subtitle\">In den Disziplinen Luftgewehr Auflage, Luftpistole, Kleinkaliber- und Gro\u00dfkaliberpistole\/Revolver, Ordonanz-Pistole\/Revolver, Kleinkaliber- und Gro\u00dfkalibergewehr sowie Wurfscheibe werden Wettk\u00e4mpfe bestritten.<\/p>\n\n\n\n<h2 class=\"wp-block-heading\">Aktuelles &amp; Neuigkeiten<\/h2>\n\n\n<ul class=\"wp-block-latest-posts__list has-dates wp-block-latest-posts\"><li><div class=\"wp-block-latest-posts__featured-image alignleft\"><a href=\"https:\/\/sv-nimritz.2ix.de\/startseite\/2026\/01\/jahresabschlussschiessen-13-12-2025\" aria-label=\"Jahresabschlussschie\u00dfen 13.12.2025\"><img loading=\"lazy\" decoding=\"async\" width=\"960\" height=\"720\" src=\"https:\/\/sv-nimritz.2ix.de\/wp-content\/uploads\/2026\/01\/image-4-1024x768.png\" class=\"attachment-large size-large wp-post-image\" alt=\"\" style=\"max-width:150px;\" srcset=\"https:\/\/sv-nimritz.2ix.de\/wp-content\/uploads\/2026\/01\/image-4-1024x768.png 1024w, https:\/\/sv-nimritz.2ix.de\/wp-content\/uploads\/2026\/01\/image-4-300x225.png 300w, https:\/\/sv-nimritz.2ix.de\/wp-content\/uploads\/2026\/01\/image-4-768x576.png 768w, https:\/\/sv-nimritz.2ix.de\/wp-content\/uploads\/2026\/01\/image-4-1140x855.png 1140w, https:\/\/sv-nimritz.2ix.de\/wp-content\/uploads\/2026\/01\/image-4.png 1440w\" sizes=\"auto, (max-width: 960px) 100vw, 960px\" \/><\/a><\/div><a class=\"wp-block-latest-posts__post-title\" href=\"https:\/\/sv-nimritz.2ix.de\/startseite\/2026\/01\/jahresabschlussschiessen-13-12-2025\">Jahresabschlussschie\u00dfen 13.12.2025<\/a><time datetime=\"2026-01-12T17:26:13+01:00\" class=\"wp-block-latest-posts__post-date\">12 Januar, 2026<\/time><div class=\"wp-block-latest-posts__post-excerpt\">Das diesj\u00e4hrige JAS fand erneut in Blintendorf statt. In geselliger Runde und bei bester Verpflegung fand das Sportjahr seinen Ausklang. Beim Gl\u00fccksschie\u00dfen gab es Sachpreise und Gutscheine im Gesamtwert von 150 \u20ac zu gewinnen. Der Sieger war hier unser neuestes Mitglied Marvin Gro\u00df. Wir gratulieren recht herzlich und hoffen, dass diese sehr gute Leistung nicht nur &#8222;Anf\u00e4ngergl\u00fcck&#8220; war. Wir bedanken uns f\u00fcr die rege Teilnahme und den vielen Zuspruch. Diese Resonanz ist das beste Lob f\u00fcr unsere Vereinsarbeit. Ergebnis:1. Platz Marvin Gro\u00df2. Platz Stefan H\u00e4cker3. Platz Gerold M\u00fcller4. Platz Karsten D\u00f6pel5. Platz Steffen Kuschmann<\/div><\/li>\n<li><div class=\"wp-block-latest-posts__featured-image alignleft\"><a href=\"https:\/\/sv-nimritz.2ix.de\/startseite\/2026\/01\/wanderpokal-trap-2025\" aria-label=\"Wanderpokal Trap 2025\"><img loading=\"lazy\" decoding=\"async\" width=\"960\" height=\"720\" src=\"https:\/\/sv-nimritz.2ix.de\/wp-content\/uploads\/2026\/01\/image-3-1024x768.png\" class=\"attachment-large size-large wp-post-image\" alt=\"\" style=\"max-width:150px;\" srcset=\"https:\/\/sv-nimritz.2ix.de\/wp-content\/uploads\/2026\/01\/image-3-1024x768.png 1024w, https:\/\/sv-nimritz.2ix.de\/wp-content\/uploads\/2026\/01\/image-3-300x225.png 300w, https:\/\/sv-nimritz.2ix.de\/wp-content\/uploads\/2026\/01\/image-3-768x576.png 768w, https:\/\/sv-nimritz.2ix.de\/wp-content\/uploads\/2026\/01\/image-3-1140x855.png 1140w, https:\/\/sv-nimritz.2ix.de\/wp-content\/uploads\/2026\/01\/image-3.png 1440w\" sizes=\"auto, (max-width: 960px) 100vw, 960px\" \/><\/a><\/div><a class=\"wp-block-latest-posts__post-title\" href=\"https:\/\/sv-nimritz.2ix.de\/startseite\/2026\/01\/wanderpokal-trap-2025\">Wanderpokal Trap 2025<\/a><time datetime=\"2026-01-12T17:25:22+01:00\" class=\"wp-block-latest-posts__post-date\">12 Januar, 2026<\/time><div class=\"wp-block-latest-posts__post-excerpt\">Der Wanderpokal ging mit 66 zu 57 Tauben (Je zwei Runden der besten drei Sch\u00fctzen addiert) nun schon zum dritten Male an unseren Sch\u00fctzenverein. Somit steht es im Wettkampf drei zu drei Siegen gegen die Sch\u00fctzengesellschaft Neustadt\/Orla.\u00a0<\/div><\/li>\n<li><div class=\"wp-block-latest-posts__featured-image alignleft\"><a href=\"https:\/\/sv-nimritz.2ix.de\/startseite\/2026\/01\/vereinsmeisterschaft-trap-23-08-2025\" aria-label=\"Vereinsmeisterschaft Trap 23.08.2025\"><img loading=\"lazy\" decoding=\"async\" width=\"768\" height=\"1024\" src=\"https:\/\/sv-nimritz.2ix.de\/wp-content\/uploads\/2026\/01\/image-2-768x1024.png\" class=\"attachment-large size-large wp-post-image\" alt=\"\" style=\"max-width:150px;\" srcset=\"https:\/\/sv-nimritz.2ix.de\/wp-content\/uploads\/2026\/01\/image-2-768x1024.png 768w, https:\/\/sv-nimritz.2ix.de\/wp-content\/uploads\/2026\/01\/image-2-225x300.png 225w, https:\/\/sv-nimritz.2ix.de\/wp-content\/uploads\/2026\/01\/image-2-1152x1536.png 1152w, https:\/\/sv-nimritz.2ix.de\/wp-content\/uploads\/2026\/01\/image-2-1140x1520.png 1140w, https:\/\/sv-nimritz.2ix.de\/wp-content\/uploads\/2026\/01\/image-2.png 1440w\" sizes=\"auto, (max-width: 768px) 100vw, 768px\" \/><\/a><\/div><a class=\"wp-block-latest-posts__post-title\" href=\"https:\/\/sv-nimritz.2ix.de\/startseite\/2026\/01\/vereinsmeisterschaft-trap-23-08-2025\">Vereinsmeisterschaft Trap 23.08.2025<\/a><time datetime=\"2026-01-12T17:24:50+01:00\" class=\"wp-block-latest-posts__post-date\">12 Januar, 2026<\/time><div class=\"wp-block-latest-posts__post-excerpt\">Zum wiederholten Male wurde Andr\u00e9 Liesicke Vereinsmeister im Trap-Schie\u00dfen. Wir gratulieren zu der hervorragnden Leistung.<\/div><\/li>\n<\/ul>\n\n\n<h2 class=\"wp-block-heading\">Kommende Veranstaltungen<\/h2>\n\n\n\n<figure class=\"wp-block-table\"><table class=\"has-fixed-layout\"><tbody><tr><td class=\"has-text-align-right\" data-align=\"right\">17.01.2026<\/td><td>Jahresabschlussfeier Ratskeller P\u00f6\u00dfneck <a href=\"https:\/\/www.dropbox.com\/scl\/fi\/5wikeq92dblhkq1nqwzr1\/JAS_JAF-2025.pdf?rlkey=6tsgp3t3kw1i6kpljod2m4x7x&amp;dl=0\">(Einladung als PDF)<\/a><\/td><\/tr><tr><td class=\"has-text-align-right\" data-align=\"right\">28.03.2026<\/td><td>Jahreshauptversammlung Blintendorf<\/td><\/tr><\/tbody><\/table><\/figure>\n\n\n\n<p><a href=\"https:\/\/sv-nimritz.2ix.de\/startseite\/events\">Zum Kalender<\/a><\/p>\n","protected":false},"excerpt":{"rendered":"<p>Der Sch\u00fctzenverein Nimritz 1995 e.V. wurde am 30.05.1995 gegr\u00fcndet In den Disziplinen Luftgewehr Auflage, Luftpistole, Kleinkaliber- und Gro\u00dfkaliberpistole\/Revolver, Ordonanz-Pistole\/Revolver, Kleinkaliber- und Gro\u00dfkalibergewehr sowie Wurfscheibe werden Wettk\u00e4mpfe bestritten. Aktuelles &amp; Neuigkeiten Kommende Veranstaltungen 17.01.2026 Jahresabschlussfeier Ratskeller P\u00f6\u00dfneck (Einladung als PDF) 28.03.2026 Jahreshauptversammlung Blintendorf Zum Kalender<\/p>\n","protected":false},"author":1,"featured_media":0,"parent":0,"menu_order":0,"comment_status":"closed","ping_status":"closed","template":"","meta":{"footnotes":""},"class_list":["post-13","page","type-page","status-publish","hentry"],"_links":{"self":[{"href":"https:\/\/sv-nimritz.2ix.de\/startseite\/wp-json\/wp\/v2\/pages\/13","targetHints":{"allow":["GET"]}}],"collection":[{"href":"https:\/\/sv-nimritz.2ix.de\/startseite\/wp-json\/wp\/v2\/pages"}],"about":[{"href":"https:\/\/sv-nimritz.2ix.de\/startseite\/wp-json\/wp\/v2\/types\/page"}],"author":[{"embeddable":true,"href":"https:\/\/sv-nimritz.2ix.de\/startseite\/wp-json\/wp\/v2\/users\/1"}],"replies":[{"embeddable":true,"href":"https:\/\/sv-nimritz.2ix.de\/startseite\/wp-json\/wp\/v2\/comments?post=13"}],"version-history":[{"count":32,"href":"https:\/\/sv-nimritz.2ix.de\/startseite\/wp-json\/wp\/v2\/pages\/13\/revisions"}],"predecessor-version":[{"id":311,"href":"https:\/\/sv-nimritz.2ix.de\/startseite\/wp-json\/wp\/v2\/pages\/13\/revisions\/311"}],"wp:attachment":[{"href":"https:\/\/sv-nimritz.2ix.de\/startseite\/wp-json\/wp\/v2\/media?parent=13"}],"curies":[{"name":"wp","href":"https:\/\/api.w.org\/{rel}","templated":true}]}}