{"id":178,"date":"2025-06-30T16:49:47","date_gmt":"2025-06-30T14:49:47","guid":{"rendered":"https:\/\/sv-nimritz.2ix.de\/startseite\/?page_id=178"},"modified":"2025-06-30T16:53:16","modified_gmt":"2025-06-30T14:53:16","slug":"anstehende-termine","status":"publish","type":"page","link":"https:\/\/sv-nimritz.2ix.de\/startseite\/anstehende-termine","title":{"rendered":"Anstehende Termine"},"content":{"rendered":"\n<p>Hier erfahrt ihr alle anstehenden Termine. Die Details k\u00f6nnt ihr den jeweils per E-Mail versandten Einladungen entnehmen. <\/p>\n\n\n\n<h2 class=\"wp-block-heading\">K\u00f6nigsschie\u00dfen &#8211; 05.07.2025<\/h2>\n\n\n\n<p>Unser K\u00f6nigsschie\u00dfen wird am Samstag den 05.07.2025 in Nimritz stattfinden. Weitere Infos entnehmt Ihr bitte unserer Einladung.<\/p>\n\n\n\n<h2 class=\"wp-block-heading\">N\u00e4chste Veranstaltungen<\/h2>\n\n\n\n<p>01.\/02.08. Wochenendtraining Naumburg<br>23.08. VM Trap Neustadt<br>06.09. Wanderpokal Trap Neustadt<br>31.10.\/01.11. Wochenendtraining Suhl<br>&#8211; Einladungen mit Details folgen &#8211;<\/p>\n\n\n\n<p><\/p>\n","protected":false},"excerpt":{"rendered":"<p>Hier erfahrt ihr alle anstehenden Termine. Die Details k\u00f6nnt ihr den jeweils per E-Mail versandten Einladungen entnehmen. K\u00f6nigsschie\u00dfen &#8211; 05.07.2025 Unser K\u00f6nigsschie\u00dfen wird am Samstag den 05.07.2025 in Nimritz stattfinden. Weitere Infos entnehmt Ihr bitte unserer Einladung. N\u00e4chste Veranstaltungen 01.\/02.08. Wochenendtraining Naumburg23.08. VM Trap Neustadt06.09. Wanderpokal Trap Neustadt31.10.\/01.11. Wochenendtraining Suhl&#8211; Einladungen mit Details folgen &#8211;<\/p>\n","protected":false},"author":2,"featured_media":0,"parent":0,"menu_order":0,"comment_status":"closed","ping_status":"closed","template":"","meta":{"footnotes":""},"class_list":["post-178","page","type-page","status-publish","hentry"],"_links":{"self":[{"href":"https:\/\/sv-nimritz.2ix.de\/startseite\/wp-json\/wp\/v2\/pages\/178","targetHints":{"allow":["GET"]}}],"collection":[{"href":"https:\/\/sv-nimritz.2ix.de\/startseite\/wp-json\/wp\/v2\/pages"}],"about":[{"href":"https:\/\/sv-nimritz.2ix.de\/startseite\/wp-json\/wp\/v2\/types\/page"}],"author":[{"embeddable":true,"href":"https:\/\/sv-nimritz.2ix.de\/startseite\/wp-json\/wp\/v2\/users\/2"}],"replies":[{"embeddable":true,"href":"https:\/\/sv-nimritz.2ix.de\/startseite\/wp-json\/wp\/v2\/comments?post=178"}],"version-history":[{"count":3,"href":"https:\/\/sv-nimritz.2ix.de\/startseite\/wp-json\/wp\/v2\/pages\/178\/revisions"}],"predecessor-version":[{"id":190,"href":"https:\/\/sv-nimritz.2ix.de\/startseite\/wp-json\/wp\/v2\/pages\/178\/revisions\/190"}],"wp:attachment":[{"href":"https:\/\/sv-nimritz.2ix.de\/startseite\/wp-json\/wp\/v2\/media?parent=178"}],"curies":[{"name":"wp","href":"https:\/\/api.w.org\/{rel}","templated":true}]}}