{"id":218,"date":"2025-10-28T18:05:23","date_gmt":"2025-10-28T17:05:23","guid":{"rendered":"https:\/\/sv-nimritz.2ix.de\/startseite\/?page_id=218"},"modified":"2026-01-13T11:57:10","modified_gmt":"2026-01-13T10:57:10","slug":"training","status":"publish","type":"page","link":"https:\/\/sv-nimritz.2ix.de\/startseite\/training","title":{"rendered":"Training"},"content":{"rendered":"\n<h2 class=\"wp-block-heading\">Training in P\u00f6\u00dfneck<\/h2>\n\n\n\n<p>22.01.2026 Training P\u00f6\u00dfneck 18:00-20:00<br>03.02.2026 Training P\u00f6\u00dfneck 18:00-20:00<br>19.02.2026 Training P\u00f6\u00dfneck 18:00-20:00<br>03.03.2026 Training P\u00f6\u00dfneck 18:00-20:00<br>19.03.2026 Training P\u00f6\u00dfneck 18:00-20:00<br>31.03.2026 Training P\u00f6\u00dfneck 18:00-20:00<br>16.04.2026 Training P\u00f6\u00dfneck 18:00-20:00<br>28.04.2026 Training P\u00f6\u00dfneck 18:00-20:00<br><strong>Achtung Di\/Do Trainingsrhythmuswechsel!\u00a0<\/strong><br>12.05.2026 Training P\u00f6\u00dfneck 18:00-20:00<br>28.05.2026 Training P\u00f6\u00dfneck 18:00-20:00<br>11.06.2026 Training P\u00f6\u00dfneck 18:00-20:00<br>23.06.2026 Training P\u00f6\u00dfneck 18:00-20:00<br>09.07.2026 Training P\u00f6\u00dfneck 18:00-20:00<br>21.07.2026 Training P\u00f6\u00dfneck 18:00-20:00<br>06.08.2026 Training P\u00f6\u00dfneck 18:00-20:00<br>18.08.2026 Training P\u00f6\u00dfneck 18:00-20:00<br>03.09.2026 Training P\u00f6\u00dfneck 18:00-20:00<br>15.09.2026 Training P\u00f6\u00dfneck 18:00-20:00<br>01.10.2026 Training P\u00f6\u00dfneck 18:00-20:00<br>13.10.2026 Training P\u00f6\u00dfneck 18:00-20:00<br>29.10.2026 Training P\u00f6\u00dfneck 18:00-20:00<br>10.11.2026 Training P\u00f6\u00dfneck 18:00-20:00<br>26.11.2026 Training P\u00f6\u00dfneck 18:00-20:00<br>08.12.2026 Training P\u00f6\u00dfneck 18:00-20:00<\/p>\n\n\n\n<h2 class=\"wp-block-heading\">Wurftaube in Neustadt a.d.O.<\/h2>\n\n\n\n<p>10.01.2026 Training 09:00-12:00 Neustadt\/Orla\u00a0<br>24.01.2026 Training 09:00-12:00 Neustadt\/Orla<br>07.02.2026 Training 09:00-12:00 Neustadt\/Orla<br>21.02.2026 Training 09:00-12:00 Neustadt\/Orla<br>07.03.2026 Training ab 13:00 Neustadt\/Orla<br>27.03.2026 Training ab 13:00 Neustadt\/Orla Freitag!<br>11.04.2026 Training 09:00-12:00 Neustadt\/Orla<br>25.04.2026 Training ab 13:00 Neustadt\/Orla<br>23.05.2026 Training ab 13:00 Neustadt\/Orla<br>06.06.2026 Training 09:00-12:00 Neustadt\/Orla<br>04.07.2026 Training 09:00-12:00 Neustadt\/Orla<br>18.07.2026 Training 09:00-12:00 Neustadt\/Orla<br>01.08.2026 Training 09:00-12:00 Neustadt\/Orla<br>15.08.2026 Training 09:00-12:00 Neustadt\/Orla<br>29.08.2026 Training 09:00-12:00 Neustadt\/Orla<br>12.09.2026 Training 09:00-12:00 Neustadt\/Orla<br>26.09.2026 Training 09:00-12:00 Neustadt\/Orla<br>10.10.2026 Training 09:00-12:00 Neustadt\/Orla<br>24.10.2026 Training 09:00-12:00 Neustadt\/Orla<br>07.11.2026 Training 09:00-12:00 Neustadt\/Orla<br>21.11.2026 Training 09:00-12:00 Neustadt\/Orla<br>05.12.2026 Training 09:00-12:00 Neustadt\/Orla<br>19.12.2026 Training 09:00-12:00 Neustadt\/Orla<\/p>\n\n\n\n<h2 class=\"wp-block-heading\">Anmeldung Kreisebene<\/h2>\n\n\n\n<p>Termine f\u00fcr die Kreismeisterschaften findet ihr auf der Webseite des Sch\u00fctzenkreises Saale-Orla&nbsp;<a href=\"https:\/\/www.sk-saale-orla.de\/index.php\">https:\/\/www.sk-saale-orla.de<\/a>&nbsp; oder direkt auf dem&nbsp;<a href=\"https:\/\/www.sk-saale-orla.de\/images\/2025\/Sportkalender_2025neu.pdf\" target=\"_blank\" rel=\"noreferrer noopener\">Sportkalender<\/a>&nbsp; &nbsp;&nbsp;<br><\/p>\n\n\n\n<p>Anmeldungen zu Wettk\u00e4mpfen <strong>ausschlie\u00dflich<\/strong>&nbsp;\u00fcber unseren 1. Sch\u00fctzenmeister Steffen Kuschmann viper386(at)gmx.net&nbsp;<a href=\"mailto:viper386@gmx.net\">oder hier klicke<\/a>n.<\/p>\n","protected":false},"excerpt":{"rendered":"<p>Training in P\u00f6\u00dfneck 22.01.2026 Training P\u00f6\u00dfneck 18:00-20:0003.02.2026 Training P\u00f6\u00dfneck 18:00-20:0019.02.2026 Training P\u00f6\u00dfneck 18:00-20:0003.03.2026 Training P\u00f6\u00dfneck 18:00-20:0019.03.2026 Training P\u00f6\u00dfneck 18:00-20:0031.03.2026 Training P\u00f6\u00dfneck 18:00-20:0016.04.2026 Training P\u00f6\u00dfneck 18:00-20:0028.04.2026 Training P\u00f6\u00dfneck 18:00-20:00Achtung Di\/Do Trainingsrhythmuswechsel!\u00a012.05.2026 Training P\u00f6\u00dfneck 18:00-20:0028.05.2026 Training P\u00f6\u00dfneck 18:00-20:0011.06.2026 Training P\u00f6\u00dfneck 18:00-20:0023.06.2026 Training P\u00f6\u00dfneck 18:00-20:0009.07.2026 Training P\u00f6\u00dfneck 18:00-20:0021.07.2026 Training P\u00f6\u00dfneck 18:00-20:0006.08.2026 Training P\u00f6\u00dfneck 18:00-20:0018.08.2026 Training P\u00f6\u00dfneck 18:00-20:0003.09.2026 Training P\u00f6\u00dfneck 18:00-20:0015.09.2026 Training P\u00f6\u00dfneck 18:00-20:0001.10.2026 Training P\u00f6\u00dfneck 18:00-20:0013.10.2026 Training P\u00f6\u00dfneck 18:00-20:0029.10.2026 Training P\u00f6\u00dfneck 18:00-20:0010.11.2026 Training P\u00f6\u00dfneck 18:00-20:0026.11.2026 Training P\u00f6\u00dfneck 18:00-20:0008.12.2026 Training P\u00f6\u00dfneck 18:00-20:00 Wurftaube in Neustadt a.d.O. 10.01.2026 Training 09:00-12:00 Neustadt\/Orla\u00a024.01.2026 Training 09:00-12:00 Neustadt\/Orla07.02.2026 Training 09:00-12:00 Neustadt\/Orla21.02.2026 Training 09:00-12:00 Neustadt\/Orla07.03.2026 Training ab 13:00 Neustadt\/Orla27.03.2026 Training ab 13:00 Neustadt\/Orla Freitag!11.04.2026 Training 09:00-12:00 Neustadt\/Orla25.04.2026 Training ab 13:00 Neustadt\/Orla23.05.2026 Training ab 13:00 Neustadt\/Orla06.06.2026 Training 09:00-12:00 Neustadt\/Orla04.07.2026 Training 09:00-12:00 Neustadt\/Orla18.07.2026 Training 09:00-12:00 Neustadt\/Orla01.08.2026 Training 09:00-12:00 Neustadt\/Orla15.08.2026 Training 09:00-12:00 Neustadt\/Orla29.08.2026 Training 09:00-12:00 Neustadt\/Orla12.09.2026 Training 09:00-12:00 Neustadt\/Orla26.09.2026 Training 09:00-12:00 Neustadt\/Orla10.10.2026 Training 09:00-12:00 Neustadt\/Orla24.10.2026 Training 09:00-12:00 Neustadt\/Orla07.11.2026 Training 09:00-12:00 Neustadt\/Orla21.11.2026 Training 09:00-12:00 Neustadt\/Orla05.12.2026 Training 09:00-12:00 Neustadt\/Orla19.12.2026 Training 09:00-12:00 Neustadt\/Orla Anmeldung Kreisebene Termine f\u00fcr die Kreismeisterschaften findet ihr auf der Webseite des Sch\u00fctzenkreises Saale-Orla&nbsp;https:\/\/www.sk-saale-orla.de&nbsp; oder direkt auf dem&nbsp;Sportkalender&nbsp; &nbsp;&nbsp; Anmeldungen zu Wettk\u00e4mpfen ausschlie\u00dflich&nbsp;\u00fcber unseren 1. Sch\u00fctzenmeister Steffen Kuschmann viper386(at)gmx.net&nbsp;oder hier klicken.<\/p>\n","protected":false},"author":2,"featured_media":0,"parent":0,"menu_order":0,"comment_status":"closed","ping_status":"closed","template":"","meta":{"footnotes":""},"class_list":["post-218","page","type-page","status-publish","hentry"],"_links":{"self":[{"href":"https:\/\/sv-nimritz.2ix.de\/startseite\/wp-json\/wp\/v2\/pages\/218","targetHints":{"allow":["GET"]}}],"collection":[{"href":"https:\/\/sv-nimritz.2ix.de\/startseite\/wp-json\/wp\/v2\/pages"}],"about":[{"href":"https:\/\/sv-nimritz.2ix.de\/startseite\/wp-json\/wp\/v2\/types\/page"}],"author":[{"embeddable":true,"href":"https:\/\/sv-nimritz.2ix.de\/startseite\/wp-json\/wp\/v2\/users\/2"}],"replies":[{"embeddable":true,"href":"https:\/\/sv-nimritz.2ix.de\/startseite\/wp-json\/wp\/v2\/comments?post=218"}],"version-history":[{"count":9,"href":"https:\/\/sv-nimritz.2ix.de\/startseite\/wp-json\/wp\/v2\/pages\/218\/revisions"}],"predecessor-version":[{"id":312,"href":"https:\/\/sv-nimritz.2ix.de\/startseite\/wp-json\/wp\/v2\/pages\/218\/revisions\/312"}],"wp:attachment":[{"href":"https:\/\/sv-nimritz.2ix.de\/startseite\/wp-json\/wp\/v2\/media?parent=218"}],"curies":[{"name":"wp","href":"https:\/\/api.w.org\/{rel}","templated":true}]}}