{"id":31,"date":"2025-03-07T14:58:07","date_gmt":"2025-03-07T13:58:07","guid":{"rendered":"https:\/\/sv-nimritz.2ix.de\/startseite\/?page_id=31"},"modified":"2026-01-13T12:05:26","modified_gmt":"2026-01-13T11:05:26","slug":"geburtstage","status":"publish","type":"page","link":"https:\/\/sv-nimritz.2ix.de\/startseite\/geburtstage","title":{"rendered":"Geburtstage"},"content":{"rendered":"\n<p>Wir gratulieren unseren Mitgliedern, die im Januar 2026 Geburtstag haben. Wir w\u00fcnschen euch weiterhin viel Gesundheit und Freude am sportlichen Schie\u00dfen!<\/p>\n\n\n<div class=\"wp-block-image\">\n<figure class=\"aligncenter size-large is-resized\"><img loading=\"lazy\" decoding=\"async\" width=\"1024\" height=\"768\" src=\"https:\/\/sv-nimritz.2ix.de\/wp-content\/uploads\/2025\/03\/date-of-birth-1008396_1280-1024x768.png\" alt=\"\" class=\"wp-image-125\" style=\"width:452px;height:auto\" srcset=\"https:\/\/sv-nimritz.2ix.de\/wp-content\/uploads\/2025\/03\/date-of-birth-1008396_1280-1024x768.png 1024w, https:\/\/sv-nimritz.2ix.de\/wp-content\/uploads\/2025\/03\/date-of-birth-1008396_1280-300x225.png 300w, https:\/\/sv-nimritz.2ix.de\/wp-content\/uploads\/2025\/03\/date-of-birth-1008396_1280-768x576.png 768w, https:\/\/sv-nimritz.2ix.de\/wp-content\/uploads\/2025\/03\/date-of-birth-1008396_1280-1140x855.png 1140w, https:\/\/sv-nimritz.2ix.de\/wp-content\/uploads\/2025\/03\/date-of-birth-1008396_1280.png 1280w\" sizes=\"auto, (max-width: 1024px) 100vw, 1024px\" \/><\/figure>\n<\/div>\n\n\n<p class=\"has-text-align-center\">am 22.01. Uwe Thiele zum 61.<br>am 22.01. Sven Milka zum 53.<br>am 23.01. Andr\u00e9 Liesicke zum 55.<br>am 28.01. Sylvia D\u00f6pel zum 63.<br>am 31.01. Robby Fleischer zum 70.<\/p>\n","protected":false},"excerpt":{"rendered":"<p>Wir gratulieren unseren Mitgliedern, die im Januar 2026 Geburtstag haben. Wir w\u00fcnschen euch weiterhin viel Gesundheit und Freude am sportlichen Schie\u00dfen! am 22.01. Uwe Thiele zum 61.am 22.01. Sven Milka zum 53.am 23.01. Andr\u00e9 Liesicke zum 55.am 28.01. Sylvia D\u00f6pel zum 63.am 31.01. Robby Fleischer zum 70.<\/p>\n","protected":false},"author":1,"featured_media":0,"parent":0,"menu_order":0,"comment_status":"closed","ping_status":"closed","template":"","meta":{"footnotes":""},"class_list":["post-31","page","type-page","status-publish","hentry"],"_links":{"self":[{"href":"https:\/\/sv-nimritz.2ix.de\/startseite\/wp-json\/wp\/v2\/pages\/31","targetHints":{"allow":["GET"]}}],"collection":[{"href":"https:\/\/sv-nimritz.2ix.de\/startseite\/wp-json\/wp\/v2\/pages"}],"about":[{"href":"https:\/\/sv-nimritz.2ix.de\/startseite\/wp-json\/wp\/v2\/types\/page"}],"author":[{"embeddable":true,"href":"https:\/\/sv-nimritz.2ix.de\/startseite\/wp-json\/wp\/v2\/users\/1"}],"replies":[{"embeddable":true,"href":"https:\/\/sv-nimritz.2ix.de\/startseite\/wp-json\/wp\/v2\/comments?post=31"}],"version-history":[{"count":4,"href":"https:\/\/sv-nimritz.2ix.de\/startseite\/wp-json\/wp\/v2\/pages\/31\/revisions"}],"predecessor-version":[{"id":314,"href":"https:\/\/sv-nimritz.2ix.de\/startseite\/wp-json\/wp\/v2\/pages\/31\/revisions\/314"}],"wp:attachment":[{"href":"https:\/\/sv-nimritz.2ix.de\/startseite\/wp-json\/wp\/v2\/media?parent=31"}],"curies":[{"name":"wp","href":"https:\/\/api.w.org\/{rel}","templated":true}]}}