{"id":41,"date":"2025-03-07T15:44:39","date_gmt":"2025-03-07T14:44:39","guid":{"rendered":"https:\/\/sv-nimritz.2ix.de\/startseite\/?page_id=41"},"modified":"2026-01-12T17:16:34","modified_gmt":"2026-01-12T16:16:34","slug":"schuetzenkoenige","status":"publish","type":"page","link":"https:\/\/sv-nimritz.2ix.de\/startseite\/schuetzenkoenige","title":{"rendered":"Sch\u00fctzenk\u00f6nige"},"content":{"rendered":"\n<div class=\"wp-block-columns is-layout-flex wp-container-core-columns-is-layout-9d6595d7 wp-block-columns-is-layout-flex\">\n<div class=\"wp-block-column is-layout-flow wp-block-column-is-layout-flow\">\n<p class=\"has-text-align-center\">2023<br><strong>Robby Fleischer<\/strong><\/p>\n\n\n\n<figure class=\"wp-block-image size-full is-resized\"><img decoding=\"async\" src=\"https:\/\/sv-nimritz.2ix.de\/wp-content\/uploads\/2026\/01\/Robby2.avif\" alt=\"\" class=\"wp-image-256\" style=\"aspect-ratio:1;object-fit:cover;width:300px\"\/><\/figure>\n<\/div>\n\n\n\n<div class=\"wp-block-column is-layout-flow wp-block-column-is-layout-flow\">\n<p class=\"has-text-align-center\">2024<br><strong>J\u00fcrgen Quereng\u00e4sser<\/strong><\/p>\n\n\n\n<figure class=\"wp-block-image size-full is-resized\"><img decoding=\"async\" src=\"https:\/\/sv-nimritz.2ix.de\/wp-content\/uploads\/2026\/01\/Juergen2.avif\" alt=\"\" class=\"wp-image-258\" style=\"aspect-ratio:1;object-fit:cover;width:300px\"\/><\/figure>\n<\/div>\n\n\n\n<div class=\"wp-block-column is-layout-flow wp-block-column-is-layout-flow\">\n<p class=\"has-text-align-center\">2025<br><strong>Jens Hoffmann<\/strong><\/p>\n\n\n\n<figure class=\"wp-block-image size-full is-resized\"><img decoding=\"async\" src=\"https:\/\/sv-nimritz.2ix.de\/wp-content\/uploads\/2026\/01\/Jens2.avif\" alt=\"\" class=\"wp-image-259\" style=\"aspect-ratio:1;object-fit:cover;width:300px\"\/><\/figure>\n<\/div>\n<\/div>\n\n\n\n<div class=\"wp-block-columns is-layout-flex wp-container-core-columns-is-layout-9d6595d7 wp-block-columns-is-layout-flex\">\n<div class=\"wp-block-column is-layout-flow wp-block-column-is-layout-flow\">\n<p class=\"has-text-align-center\">2019<br><strong>Gerold M\u00fcller<\/strong><\/p>\n\n\n\n<figure class=\"wp-block-image size-full is-resized\"><img decoding=\"async\" src=\"https:\/\/sv-nimritz.2ix.de\/wp-content\/uploads\/2026\/01\/Gerold2.avif\" alt=\"\" class=\"wp-image-255\" style=\"aspect-ratio:1;object-fit:cover;width:300px\"\/><\/figure>\n<\/div>\n\n\n\n<div class=\"wp-block-column is-layout-flow wp-block-column-is-layout-flow\">\n<p class=\"has-text-align-center\">2021<br><strong>Robby Fleischer<\/strong><\/p>\n\n\n\n<figure class=\"wp-block-image size-full is-resized\"><img decoding=\"async\" src=\"https:\/\/sv-nimritz.2ix.de\/wp-content\/uploads\/2026\/01\/Robby2.avif\" alt=\"\" class=\"wp-image-256\" style=\"aspect-ratio:1;object-fit:cover;width:300px\"\/><\/figure>\n<\/div>\n\n\n\n<div class=\"wp-block-column is-layout-flow wp-block-column-is-layout-flow\">\n<p class=\"has-text-align-center\">2022<br><strong>Stefan Bittner<\/strong><\/p>\n\n\n\n<figure class=\"wp-block-image size-full is-resized\"><img decoding=\"async\" src=\"https:\/\/sv-nimritz.2ix.de\/wp-content\/uploads\/2026\/01\/Bittner.avif\" alt=\"\" class=\"wp-image-257\" style=\"aspect-ratio:1;object-fit:cover;width:300px\"\/><\/figure>\n<\/div>\n<\/div>\n\n\n\n<div class=\"wp-block-columns is-layout-flex wp-container-core-columns-is-layout-9d6595d7 wp-block-columns-is-layout-flex\">\n<div class=\"wp-block-column is-layout-flow wp-block-column-is-layout-flow\">\n<p class=\"has-text-align-center\">2016<br><strong>Ulrich Wachter<\/strong><\/p>\n\n\n\n<figure class=\"wp-block-image size-full is-resized\"><img decoding=\"async\" src=\"https:\/\/sv-nimritz.2ix.de\/wp-content\/uploads\/2026\/01\/Wachter.avif\" alt=\"\" class=\"wp-image-252\" style=\"aspect-ratio:1;object-fit:cover;width:300px\"\/><\/figure>\n<\/div>\n\n\n\n<div class=\"wp-block-column is-layout-flow wp-block-column-is-layout-flow\">\n<p class=\"has-text-align-center\">2017<br><strong>Jens Hoffmann<\/strong><\/p>\n\n\n\n<figure class=\"wp-block-image size-full is-resized\"><img decoding=\"async\" src=\"https:\/\/sv-nimritz.2ix.de\/wp-content\/uploads\/2026\/01\/Hoffmann.avif\" alt=\"\" class=\"wp-image-253\" style=\"aspect-ratio:1;object-fit:cover;width:300px\"\/><\/figure>\n<\/div>\n\n\n\n<div class=\"wp-block-column is-layout-flow wp-block-column-is-layout-flow\">\n<p class=\"has-text-align-center\">2018<br><strong>J\u00f6rg Strobel<\/strong><\/p>\n\n\n\n<figure class=\"wp-block-image size-full is-resized\"><img loading=\"lazy\" decoding=\"async\" width=\"1536\" height=\"1920\" src=\"https:\/\/sv-nimritz.2ix.de\/wp-content\/uploads\/2026\/01\/Strobel.webp\" alt=\"\" class=\"wp-image-254\" style=\"aspect-ratio:1;object-fit:cover;width:300px\" srcset=\"https:\/\/sv-nimritz.2ix.de\/wp-content\/uploads\/2026\/01\/Strobel.webp 1536w, https:\/\/sv-nimritz.2ix.de\/wp-content\/uploads\/2026\/01\/Strobel-240x300.webp 240w, https:\/\/sv-nimritz.2ix.de\/wp-content\/uploads\/2026\/01\/Strobel-819x1024.webp 819w, https:\/\/sv-nimritz.2ix.de\/wp-content\/uploads\/2026\/01\/Strobel-768x960.webp 768w, https:\/\/sv-nimritz.2ix.de\/wp-content\/uploads\/2026\/01\/Strobel-1229x1536.webp 1229w, https:\/\/sv-nimritz.2ix.de\/wp-content\/uploads\/2026\/01\/Strobel-1140x1425.webp 1140w\" sizes=\"auto, (max-width: 1536px) 100vw, 1536px\" \/><\/figure>\n<\/div>\n<\/div>\n\n\n\n<div class=\"wp-block-columns is-layout-flex wp-container-core-columns-is-layout-9d6595d7 wp-block-columns-is-layout-flex\">\n<div class=\"wp-block-column is-layout-flow wp-block-column-is-layout-flow\">\n<p class=\"has-text-align-center\">2013<br><strong>Gerold M\u00fcller<\/strong><\/p>\n\n\n\n<figure class=\"wp-block-image size-full is-resized\"><img loading=\"lazy\" decoding=\"async\" width=\"100\" height=\"100\" src=\"https:\/\/sv-nimritz.2ix.de\/wp-content\/uploads\/2025\/06\/d8c177fb-d755-4f72-a28f-8bdb83ee4187_1.jpg\" alt=\"\" class=\"wp-image-197\" style=\"aspect-ratio:1;object-fit:cover;width:300px\" srcset=\"https:\/\/sv-nimritz.2ix.de\/wp-content\/uploads\/2025\/06\/d8c177fb-d755-4f72-a28f-8bdb83ee4187_1.jpg 100w, https:\/\/sv-nimritz.2ix.de\/wp-content\/uploads\/2025\/06\/d8c177fb-d755-4f72-a28f-8bdb83ee4187_1-75x75.jpg 75w\" sizes=\"auto, (max-width: 100px) 100vw, 100px\" \/><\/figure>\n<\/div>\n\n\n\n<div class=\"wp-block-column is-layout-flow wp-block-column-is-layout-flow\">\n<p class=\"has-text-align-center\">2014<br><strong>Steffen Kuschmann<\/strong><\/p>\n\n\n\n<figure class=\"wp-block-image size-full is-resized\"><img decoding=\"async\" src=\"https:\/\/sv-nimritz.2ix.de\/wp-content\/uploads\/2026\/01\/34d7a886-e81a-4cfc-a6f0-756de58eb458.avif\" alt=\"\" class=\"wp-image-251\" style=\"aspect-ratio:1;object-fit:cover;width:300px\"\/><\/figure>\n<\/div>\n\n\n\n<div class=\"wp-block-column is-layout-flow wp-block-column-is-layout-flow\">\n<p class=\"has-text-align-center\">2015<br><strong>Robby M\u00fcller<\/strong><\/p>\n\n\n\n<figure class=\"wp-block-image size-full is-resized\"><img loading=\"lazy\" decoding=\"async\" width=\"100\" height=\"100\" src=\"https:\/\/sv-nimritz.2ix.de\/wp-content\/uploads\/2025\/06\/1c83ed81-ee0b-44f5-a519-95aa29c1a12b.jpg\" alt=\"\" class=\"wp-image-198\" style=\"aspect-ratio:1;object-fit:cover;width:300px\" srcset=\"https:\/\/sv-nimritz.2ix.de\/wp-content\/uploads\/2025\/06\/1c83ed81-ee0b-44f5-a519-95aa29c1a12b.jpg 100w, https:\/\/sv-nimritz.2ix.de\/wp-content\/uploads\/2025\/06\/1c83ed81-ee0b-44f5-a519-95aa29c1a12b-75x75.jpg 75w\" sizes=\"auto, (max-width: 100px) 100vw, 100px\" \/><\/figure>\n<\/div>\n<\/div>\n\n\n\n<div class=\"wp-block-columns is-layout-flex wp-container-core-columns-is-layout-9d6595d7 wp-block-columns-is-layout-flex\">\n<div class=\"wp-block-column is-layout-flow wp-block-column-is-layout-flow\">\n<p class=\"has-text-align-center\">2010<br><strong>Robby Fleischer<\/strong><\/p>\n\n\n\n<figure class=\"wp-block-image size-full is-resized\"><img decoding=\"async\" src=\"https:\/\/sv-nimritz.2ix.de\/wp-content\/uploads\/2026\/01\/9a92538f-1afb-47a6-be0b-6a78411e97f2.avif\" alt=\"\" class=\"wp-image-249\" style=\"aspect-ratio:1;object-fit:cover;width:300px\"\/><\/figure>\n<\/div>\n\n\n\n<div class=\"wp-block-column is-layout-flow wp-block-column-is-layout-flow\">\n<p class=\"has-text-align-center\">2011<br><strong>G\u00fcnther Wechsung<\/strong><\/p>\n\n\n\n<figure class=\"wp-block-image size-full is-resized\"><img loading=\"lazy\" decoding=\"async\" width=\"100\" height=\"100\" src=\"https:\/\/sv-nimritz.2ix.de\/wp-content\/uploads\/2025\/06\/8df3111d-0d36-4811-b979-7572a74940af.jpg\" alt=\"\" class=\"wp-image-203\" style=\"aspect-ratio:1;object-fit:cover;width:300px\" srcset=\"https:\/\/sv-nimritz.2ix.de\/wp-content\/uploads\/2025\/06\/8df3111d-0d36-4811-b979-7572a74940af.jpg 100w, https:\/\/sv-nimritz.2ix.de\/wp-content\/uploads\/2025\/06\/8df3111d-0d36-4811-b979-7572a74940af-75x75.jpg 75w\" sizes=\"auto, (max-width: 100px) 100vw, 100px\" \/><\/figure>\n<\/div>\n\n\n\n<div class=\"wp-block-column is-layout-flow wp-block-column-is-layout-flow\">\n<p class=\"has-text-align-center\">2012<br><strong>Jan Brunisch<\/strong><\/p>\n\n\n\n<figure class=\"wp-block-image size-full is-resized\"><img decoding=\"async\" src=\"https:\/\/sv-nimritz.2ix.de\/wp-content\/uploads\/2026\/01\/d219678b-171e-42cf-8e90-7b49a864c643.avif\" alt=\"\" class=\"wp-image-250\" style=\"aspect-ratio:1;object-fit:cover;width:300px\"\/><\/figure>\n<\/div>\n<\/div>\n\n\n\n<div class=\"wp-block-columns is-layout-flex wp-container-core-columns-is-layout-9d6595d7 wp-block-columns-is-layout-flex\">\n<div class=\"wp-block-column is-layout-flow wp-block-column-is-layout-flow\">\n<p class=\"has-text-align-center\">2005<br><strong>G\u00fcnther Wechsung<\/strong><\/p>\n\n\n\n<figure class=\"wp-block-image size-full is-resized\"><img loading=\"lazy\" decoding=\"async\" width=\"100\" height=\"100\" src=\"https:\/\/sv-nimritz.2ix.de\/wp-content\/uploads\/2025\/06\/8df3111d-0d36-4811-b979-7572a74940af.jpg\" alt=\"\" class=\"wp-image-203\" style=\"aspect-ratio:1;object-fit:cover;width:300px\" srcset=\"https:\/\/sv-nimritz.2ix.de\/wp-content\/uploads\/2025\/06\/8df3111d-0d36-4811-b979-7572a74940af.jpg 100w, https:\/\/sv-nimritz.2ix.de\/wp-content\/uploads\/2025\/06\/8df3111d-0d36-4811-b979-7572a74940af-75x75.jpg 75w\" sizes=\"auto, (max-width: 100px) 100vw, 100px\" \/><\/figure>\n<\/div>\n\n\n\n<div class=\"wp-block-column is-layout-flow wp-block-column-is-layout-flow\">\n<p class=\"has-text-align-center\">2006\/2007\/2008<br><strong>Gert L\u00f6wenberg<\/strong><\/p>\n\n\n\n<figure class=\"wp-block-image size-full is-resized\"><img loading=\"lazy\" decoding=\"async\" width=\"100\" height=\"100\" src=\"https:\/\/sv-nimritz.2ix.de\/wp-content\/uploads\/2025\/06\/ee3ea58d-8726-41e9-8716-7f368ee41542.jpg\" alt=\"\" class=\"wp-image-202\" style=\"aspect-ratio:1;object-fit:cover;width:300px\" srcset=\"https:\/\/sv-nimritz.2ix.de\/wp-content\/uploads\/2025\/06\/ee3ea58d-8726-41e9-8716-7f368ee41542.jpg 100w, https:\/\/sv-nimritz.2ix.de\/wp-content\/uploads\/2025\/06\/ee3ea58d-8726-41e9-8716-7f368ee41542-75x75.jpg 75w\" sizes=\"auto, (max-width: 100px) 100vw, 100px\" \/><\/figure>\n<\/div>\n\n\n\n<div class=\"wp-block-column is-layout-flow wp-block-column-is-layout-flow\">\n<p class=\"has-text-align-center\">2009<br><strong>J\u00fcrgen Quereng\u00e4sser<\/strong><\/p>\n\n\n\n<figure class=\"wp-block-image size-full is-resized\"><img loading=\"lazy\" decoding=\"async\" width=\"160\" height=\"160\" src=\"https:\/\/sv-nimritz.2ix.de\/wp-content\/uploads\/2025\/06\/36e3e41d-476e-47c0-bbe3-63a454a20abc.jpg\" alt=\"\" class=\"wp-image-201\" style=\"aspect-ratio:1;object-fit:cover;width:300px\" srcset=\"https:\/\/sv-nimritz.2ix.de\/wp-content\/uploads\/2025\/06\/36e3e41d-476e-47c0-bbe3-63a454a20abc.jpg 160w, https:\/\/sv-nimritz.2ix.de\/wp-content\/uploads\/2025\/06\/36e3e41d-476e-47c0-bbe3-63a454a20abc-150x150.jpg 150w, https:\/\/sv-nimritz.2ix.de\/wp-content\/uploads\/2025\/06\/36e3e41d-476e-47c0-bbe3-63a454a20abc-75x75.jpg 75w\" sizes=\"auto, (max-width: 160px) 100vw, 160px\" \/><\/figure>\n<\/div>\n<\/div>\n\n\n\n<div class=\"wp-block-columns is-layout-flex wp-container-core-columns-is-layout-9d6595d7 wp-block-columns-is-layout-flex\">\n<div class=\"wp-block-column is-layout-flow wp-block-column-is-layout-flow\">\n<p class=\"has-text-align-center\">2002<br><strong>Ehrenfried Schmidt<\/strong><\/p>\n\n\n\n<figure class=\"wp-block-image size-full is-resized\"><img loading=\"lazy\" decoding=\"async\" width=\"100\" height=\"100\" src=\"https:\/\/sv-nimritz.2ix.de\/wp-content\/uploads\/2025\/06\/b5c6c0a6-676e-4d40-8a81-af568b1afbd8.jpg\" alt=\"\" class=\"wp-image-200\" style=\"aspect-ratio:1;object-fit:cover;width:300px\" srcset=\"https:\/\/sv-nimritz.2ix.de\/wp-content\/uploads\/2025\/06\/b5c6c0a6-676e-4d40-8a81-af568b1afbd8.jpg 100w, https:\/\/sv-nimritz.2ix.de\/wp-content\/uploads\/2025\/06\/b5c6c0a6-676e-4d40-8a81-af568b1afbd8-75x75.jpg 75w\" sizes=\"auto, (max-width: 100px) 100vw, 100px\" \/><\/figure>\n<\/div>\n\n\n\n<div class=\"wp-block-column is-layout-flow wp-block-column-is-layout-flow\">\n<p class=\"has-text-align-center\">2003<br><strong>Kerstin Herrmann<\/strong><\/p>\n\n\n\n<figure class=\"wp-block-image size-full is-resized\"><img loading=\"lazy\" decoding=\"async\" width=\"100\" height=\"100\" src=\"https:\/\/sv-nimritz.2ix.de\/wp-content\/uploads\/2025\/06\/fb0ab7df-5723-45d3-bc3e-ac2de1f1c1c1.jpg\" alt=\"\" class=\"wp-image-199\" style=\"aspect-ratio:1;object-fit:cover;width:300px\" srcset=\"https:\/\/sv-nimritz.2ix.de\/wp-content\/uploads\/2025\/06\/fb0ab7df-5723-45d3-bc3e-ac2de1f1c1c1.jpg 100w, https:\/\/sv-nimritz.2ix.de\/wp-content\/uploads\/2025\/06\/fb0ab7df-5723-45d3-bc3e-ac2de1f1c1c1-75x75.jpg 75w\" sizes=\"auto, (max-width: 100px) 100vw, 100px\" \/><\/figure>\n<\/div>\n\n\n\n<div class=\"wp-block-column is-layout-flow wp-block-column-is-layout-flow\">\n<p class=\"has-text-align-center\">2004<br><strong>Robby M\u00fcller<\/strong><\/p>\n\n\n\n<figure class=\"wp-block-image size-full is-resized\"><img loading=\"lazy\" decoding=\"async\" width=\"100\" height=\"100\" src=\"https:\/\/sv-nimritz.2ix.de\/wp-content\/uploads\/2025\/06\/1c83ed81-ee0b-44f5-a519-95aa29c1a12b.jpg\" alt=\"\" class=\"wp-image-198\" style=\"aspect-ratio:1;object-fit:cover;width:300px\" srcset=\"https:\/\/sv-nimritz.2ix.de\/wp-content\/uploads\/2025\/06\/1c83ed81-ee0b-44f5-a519-95aa29c1a12b.jpg 100w, https:\/\/sv-nimritz.2ix.de\/wp-content\/uploads\/2025\/06\/1c83ed81-ee0b-44f5-a519-95aa29c1a12b-75x75.jpg 75w\" sizes=\"auto, (max-width: 100px) 100vw, 100px\" \/><\/figure>\n<\/div>\n<\/div>\n\n\n\n<div class=\"wp-block-columns is-layout-flex wp-container-core-columns-is-layout-9d6595d7 wp-block-columns-is-layout-flex\">\n<div class=\"wp-block-column is-layout-flow wp-block-column-is-layout-flow\">\n<p class=\"has-text-align-center\">1999<br><strong>Axel Geyer<\/strong><\/p>\n\n\n\n<figure class=\"wp-block-image size-full is-resized\"><img loading=\"lazy\" decoding=\"async\" width=\"100\" height=\"100\" src=\"https:\/\/sv-nimritz.2ix.de\/wp-content\/uploads\/2025\/06\/72cf62b2-4662-459f-b34c-712821fdd12d.jpg\" alt=\"\" class=\"wp-image-195\" style=\"aspect-ratio:1;object-fit:cover;width:300px\" srcset=\"https:\/\/sv-nimritz.2ix.de\/wp-content\/uploads\/2025\/06\/72cf62b2-4662-459f-b34c-712821fdd12d.jpg 100w, https:\/\/sv-nimritz.2ix.de\/wp-content\/uploads\/2025\/06\/72cf62b2-4662-459f-b34c-712821fdd12d-75x75.jpg 75w\" sizes=\"auto, (max-width: 100px) 100vw, 100px\" \/><\/figure>\n<\/div>\n\n\n\n<div class=\"wp-block-column is-layout-flow wp-block-column-is-layout-flow\">\n<p class=\"has-text-align-center\">2000<br><strong>Wolfgang Reich<\/strong><\/p>\n\n\n\n<figure class=\"wp-block-image size-full is-resized\"><img loading=\"lazy\" decoding=\"async\" width=\"100\" height=\"100\" src=\"https:\/\/sv-nimritz.2ix.de\/wp-content\/uploads\/2025\/06\/10bac096-e46c-41e5-b9b9-7420338ac9df.jpg\" alt=\"\" class=\"wp-image-196\" style=\"aspect-ratio:1;object-fit:cover;width:300px\" srcset=\"https:\/\/sv-nimritz.2ix.de\/wp-content\/uploads\/2025\/06\/10bac096-e46c-41e5-b9b9-7420338ac9df.jpg 100w, https:\/\/sv-nimritz.2ix.de\/wp-content\/uploads\/2025\/06\/10bac096-e46c-41e5-b9b9-7420338ac9df-75x75.jpg 75w\" sizes=\"auto, (max-width: 100px) 100vw, 100px\" \/><\/figure>\n<\/div>\n\n\n\n<div class=\"wp-block-column is-layout-flow wp-block-column-is-layout-flow\">\n<p class=\"has-text-align-center\">2001<br><strong>Gerold M\u00fcller<\/strong><\/p>\n\n\n\n<figure class=\"wp-block-image size-full is-resized\"><img loading=\"lazy\" decoding=\"async\" width=\"100\" height=\"100\" src=\"https:\/\/sv-nimritz.2ix.de\/wp-content\/uploads\/2025\/06\/d8c177fb-d755-4f72-a28f-8bdb83ee4187_1.jpg\" alt=\"\" class=\"wp-image-197\" style=\"aspect-ratio:1;object-fit:cover;width:274300px\" srcset=\"https:\/\/sv-nimritz.2ix.de\/wp-content\/uploads\/2025\/06\/d8c177fb-d755-4f72-a28f-8bdb83ee4187_1.jpg 100w, https:\/\/sv-nimritz.2ix.de\/wp-content\/uploads\/2025\/06\/d8c177fb-d755-4f72-a28f-8bdb83ee4187_1-75x75.jpg 75w\" sizes=\"auto, (max-width: 100px) 100vw, 100px\" \/><\/figure>\n<\/div>\n<\/div>\n\n\n\n<p><\/p>\n","protected":false},"excerpt":{"rendered":"<p>2023Robby Fleischer 2024J\u00fcrgen Quereng\u00e4sser 2025Jens Hoffmann 2019Gerold M\u00fcller 2021Robby Fleischer 2022Stefan Bittner 2016Ulrich Wachter 2017Jens Hoffmann 2018J\u00f6rg Strobel 2013Gerold M\u00fcller 2014Steffen Kuschmann 2015Robby M\u00fcller 2010Robby Fleischer 2011G\u00fcnther Wechsung 2012Jan Brunisch 2005G\u00fcnther Wechsung 2006\/2007\/2008Gert L\u00f6wenberg 2009J\u00fcrgen Quereng\u00e4sser 2002Ehrenfried Schmidt 2003Kerstin Herrmann 2004Robby M\u00fcller 1999Axel Geyer 2000Wolfgang Reich 2001Gerold M\u00fcller<\/p>\n","protected":false},"author":1,"featured_media":0,"parent":0,"menu_order":0,"comment_status":"closed","ping_status":"closed","template":"","meta":{"footnotes":""},"class_list":["post-41","page","type-page","status-publish","hentry"],"_links":{"self":[{"href":"https:\/\/sv-nimritz.2ix.de\/startseite\/wp-json\/wp\/v2\/pages\/41","targetHints":{"allow":["GET"]}}],"collection":[{"href":"https:\/\/sv-nimritz.2ix.de\/startseite\/wp-json\/wp\/v2\/pages"}],"about":[{"href":"https:\/\/sv-nimritz.2ix.de\/startseite\/wp-json\/wp\/v2\/types\/page"}],"author":[{"embeddable":true,"href":"https:\/\/sv-nimritz.2ix.de\/startseite\/wp-json\/wp\/v2\/users\/1"}],"replies":[{"embeddable":true,"href":"https:\/\/sv-nimritz.2ix.de\/startseite\/wp-json\/wp\/v2\/comments?post=41"}],"version-history":[{"count":11,"href":"https:\/\/sv-nimritz.2ix.de\/startseite\/wp-json\/wp\/v2\/pages\/41\/revisions"}],"predecessor-version":[{"id":260,"href":"https:\/\/sv-nimritz.2ix.de\/startseite\/wp-json\/wp\/v2\/pages\/41\/revisions\/260"}],"wp:attachment":[{"href":"https:\/\/sv-nimritz.2ix.de\/startseite\/wp-json\/wp\/v2\/media?parent=41"}],"curies":[{"name":"wp","href":"https:\/\/api.w.org\/{rel}","templated":true}]}}