{"id":43,"date":"2025-03-07T15:44:39","date_gmt":"2025-03-07T14:44:39","guid":{"rendered":"https:\/\/sv-nimritz.2ix.de\/startseite\/?page_id=43"},"modified":"2025-06-30T16:45:00","modified_gmt":"2025-06-30T14:45:00","slug":"unser-verein","status":"publish","type":"page","link":"https:\/\/sv-nimritz.2ix.de\/startseite\/unser-verein","title":{"rendered":"Unser Verein"},"content":{"rendered":"<div class=\"wp-block-image\">\n<figure class=\"alignleft size-full\"><img loading=\"lazy\" decoding=\"async\" width=\"294\" height=\"300\" src=\"https:\/\/sv-nimritz.2ix.de\/wp-content\/uploads\/2025\/06\/image.png\" alt=\"\" class=\"wp-image-171\"\/><\/figure>\n<\/div>\n\n\n<p>Der Sch\u00fctzenverein Nimritz 1995 e.V. wurde am 30. Mai 1995 gegr\u00fcndet. In den Disziplinen&nbsp;<em>Luftgewehr Auflage, Luftpistole, Kleinklaiber- und Gro\u00dfkaliberpistole\/Revolver, Ordonanz-Pistole\/Revolver, Kleinkaliber- und Gro\u00dfkalibergewehr sowie Wurfscheibe&nbsp;<\/em>werden Wettk\u00e4mpfe bestritten.<\/p>\n","protected":false},"excerpt":{"rendered":"<p>Der Sch\u00fctzenverein Nimritz 1995 e.V. wurde am 30. Mai 1995 gegr\u00fcndet. In den Disziplinen&nbsp;Luftgewehr Auflage, Luftpistole, Kleinklaiber- und Gro\u00dfkaliberpistole\/Revolver, Ordonanz-Pistole\/Revolver, Kleinkaliber- und Gro\u00dfkalibergewehr sowie Wurfscheibe&nbsp;werden Wettk\u00e4mpfe bestritten.<\/p>\n","protected":false},"author":1,"featured_media":0,"parent":0,"menu_order":0,"comment_status":"closed","ping_status":"closed","template":"","meta":{"footnotes":""},"class_list":["post-43","page","type-page","status-publish","hentry"],"_links":{"self":[{"href":"https:\/\/sv-nimritz.2ix.de\/startseite\/wp-json\/wp\/v2\/pages\/43","targetHints":{"allow":["GET"]}}],"collection":[{"href":"https:\/\/sv-nimritz.2ix.de\/startseite\/wp-json\/wp\/v2\/pages"}],"about":[{"href":"https:\/\/sv-nimritz.2ix.de\/startseite\/wp-json\/wp\/v2\/types\/page"}],"author":[{"embeddable":true,"href":"https:\/\/sv-nimritz.2ix.de\/startseite\/wp-json\/wp\/v2\/users\/1"}],"replies":[{"embeddable":true,"href":"https:\/\/sv-nimritz.2ix.de\/startseite\/wp-json\/wp\/v2\/comments?post=43"}],"version-history":[{"count":3,"href":"https:\/\/sv-nimritz.2ix.de\/startseite\/wp-json\/wp\/v2\/pages\/43\/revisions"}],"predecessor-version":[{"id":173,"href":"https:\/\/sv-nimritz.2ix.de\/startseite\/wp-json\/wp\/v2\/pages\/43\/revisions\/173"}],"wp:attachment":[{"href":"https:\/\/sv-nimritz.2ix.de\/startseite\/wp-json\/wp\/v2\/media?parent=43"}],"curies":[{"name":"wp","href":"https:\/\/api.w.org\/{rel}","templated":true}]}}