{"id":44,"date":"2025-03-07T15:44:39","date_gmt":"2025-03-07T14:44:39","guid":{"rendered":"https:\/\/sv-nimritz.2ix.de\/startseite\/?page_id=44"},"modified":"2025-03-07T17:51:20","modified_gmt":"2025-03-07T16:51:20","slug":"der-vorstand","status":"publish","type":"page","link":"https:\/\/sv-nimritz.2ix.de\/startseite\/der-vorstand","title":{"rendered":"Der Vorstand"},"content":{"rendered":"\n<p>Vorsitzender Lucien Streit<\/p>\n\n\n\n<p>Stellvertreter Robby Fleischer<\/p>\n\n\n\n<p>1. Sch\u00fctzenmeister Steffen Kuschmann<\/p>\n\n\n\n<p>2. Sch\u00fctzenmeister J\u00f6rg Strobel<\/p>\n\n\n\n<p>3. Sch\u00fctzenmeister Karsten D\u00f6pel<\/p>\n\n\n\n<p>Kassenwartin Susann Thiele<\/p>\n\n\n\n<p>Schriftf\u00fchrerin Lisa Sue Strobel<\/p>\n\n\n\n<h2 class=\"wp-block-heading\">Revisionskommission<\/h2>\n\n\n\n<p>Gerold M\u00fcller<\/p>\n\n\n\n<p>Dieter Drey\u00dfig<\/p>\n\n\n\n<p><\/p>\n","protected":false},"excerpt":{"rendered":"<p>Vorsitzender Lucien Streit Stellvertreter Robby Fleischer 1. Sch\u00fctzenmeister Steffen Kuschmann 2. Sch\u00fctzenmeister J\u00f6rg Strobel 3. Sch\u00fctzenmeister Karsten D\u00f6pel Kassenwartin Susann Thiele Schriftf\u00fchrerin Lisa Sue Strobel Revisionskommission Gerold M\u00fcller Dieter Drey\u00dfig<\/p>\n","protected":false},"author":1,"featured_media":0,"parent":0,"menu_order":0,"comment_status":"closed","ping_status":"closed","template":"","meta":{"footnotes":""},"class_list":["post-44","page","type-page","status-publish","hentry"],"_links":{"self":[{"href":"https:\/\/sv-nimritz.2ix.de\/startseite\/wp-json\/wp\/v2\/pages\/44","targetHints":{"allow":["GET"]}}],"collection":[{"href":"https:\/\/sv-nimritz.2ix.de\/startseite\/wp-json\/wp\/v2\/pages"}],"about":[{"href":"https:\/\/sv-nimritz.2ix.de\/startseite\/wp-json\/wp\/v2\/types\/page"}],"author":[{"embeddable":true,"href":"https:\/\/sv-nimritz.2ix.de\/startseite\/wp-json\/wp\/v2\/users\/1"}],"replies":[{"embeddable":true,"href":"https:\/\/sv-nimritz.2ix.de\/startseite\/wp-json\/wp\/v2\/comments?post=44"}],"version-history":[{"count":2,"href":"https:\/\/sv-nimritz.2ix.de\/startseite\/wp-json\/wp\/v2\/pages\/44\/revisions"}],"predecessor-version":[{"id":133,"href":"https:\/\/sv-nimritz.2ix.de\/startseite\/wp-json\/wp\/v2\/pages\/44\/revisions\/133"}],"wp:attachment":[{"href":"https:\/\/sv-nimritz.2ix.de\/startseite\/wp-json\/wp\/v2\/media?parent=44"}],"curies":[{"name":"wp","href":"https:\/\/api.w.org\/{rel}","templated":true}]}}