{"id":47,"date":"2025-03-07T15:44:39","date_gmt":"2025-03-07T14:44:39","guid":{"rendered":"https:\/\/sv-nimritz.2ix.de\/startseite\/?page_id=47"},"modified":"2025-03-07T17:52:16","modified_gmt":"2025-03-07T16:52:16","slug":"leihwaffen","status":"publish","type":"page","link":"https:\/\/sv-nimritz.2ix.de\/startseite\/leihwaffen","title":{"rendered":"Leihwaffen"},"content":{"rendered":"\n<p>Vereinsmitglieder und Interessierte k\u00f6nnen mit den vereinseigenen<br>Leihwaffen KK-Pistole, Luftgewehr und Doppelflinte schie\u00dfen.<br><br><strong>KK Sportpistole<\/strong>&nbsp;\u2013 Wer beabsichtigt mit der vereinseigenen Sportpistole zu schie\u00dfen, meldet sich<br>bitte telefonisch bei Steffen Kuschmann (03647\/458458), um die Waffenmitnahme zum Training&nbsp;<br>zu organisieren. Es mu\u00df immer gew\u00e4hrleistet sein, dass ein Sch\u00fctze mit WBK beim<br>Schie\u00dfen eines Sportfreundes ohne WBK anwesend ist (dies gilt auch f\u00fcr den Transport<br>der Waffe und der Munition).<\/p>\n\n\n\n<p><strong>Luftgewehr&nbsp;<\/strong>\u2013 Das Ausleihen des Luftgewehrs ist ebenfalls mit Steffen Kuschmann abzukl\u00e4ren.<\/p>\n\n\n\n<p>Die Kosten f\u00fcr die Munition werden durch den jeweiligen interessierten Sch\u00fctzen getragen.<br>Patronen bzw. Diabolo k\u00f6nnen bei Wolfgang Reich in Nimritz erworben werden.<br><br><strong>Bockdoppelflinte<\/strong>&nbsp;&#8211; Das Gewehr kann in Absprache mit Steffen Kuschmann (03647\/458458)&nbsp;<br>zu den Wurfscheibenveranstaltungen in Neustadt ausgeliehen werden.&nbsp;<\/p>\n\n\n\n<p>Diese Waffen sind sowohl f\u00fcr Rechts- als auch f\u00fcr Linkssch\u00fctzen geeignet.<br><br>Das Ausleihen der drei Waffen ist f\u00fcr unsere Vereinsmitglieder und Interesenten kostenlos,&nbsp;<br>Munitionkosten, Startgelder und ggf. Versicherung werden vom Sch\u00fctzen selbst getragen.<\/p>\n","protected":false},"excerpt":{"rendered":"<p>Vereinsmitglieder und Interessierte k\u00f6nnen mit den vereinseigenenLeihwaffen KK-Pistole, Luftgewehr und Doppelflinte schie\u00dfen. KK Sportpistole&nbsp;\u2013 Wer beabsichtigt mit der vereinseigenen Sportpistole zu schie\u00dfen, meldet sichbitte telefonisch bei Steffen Kuschmann (03647\/458458), um die Waffenmitnahme zum Training&nbsp;zu organisieren. Es mu\u00df immer gew\u00e4hrleistet sein, dass ein Sch\u00fctze mit WBK beimSchie\u00dfen eines Sportfreundes ohne WBK anwesend ist (dies gilt auch f\u00fcr den Transportder Waffe und der Munition). Luftgewehr&nbsp;\u2013 Das Ausleihen des Luftgewehrs ist ebenfalls mit Steffen Kuschmann abzukl\u00e4ren. Die Kosten f\u00fcr die Munition werden durch den jeweiligen interessierten Sch\u00fctzen getragen.Patronen bzw. Diabolo k\u00f6nnen bei Wolfgang Reich in Nimritz erworben werden. Bockdoppelflinte&nbsp;&#8211; Das Gewehr kann in Absprache mit Steffen Kuschmann (03647\/458458)&nbsp;zu den Wurfscheibenveranstaltungen in Neustadt ausgeliehen werden.&nbsp; Diese Waffen sind sowohl f\u00fcr Rechts- als auch f\u00fcr Linkssch\u00fctzen geeignet. Das Ausleihen der drei Waffen ist f\u00fcr unsere Vereinsmitglieder und Interesenten kostenlos,&nbsp;Munitionkosten, Startgelder und ggf. Versicherung werden vom Sch\u00fctzen selbst getragen.<\/p>\n","protected":false},"author":1,"featured_media":0,"parent":0,"menu_order":0,"comment_status":"closed","ping_status":"closed","template":"","meta":{"footnotes":""},"class_list":["post-47","page","type-page","status-publish","hentry"],"_links":{"self":[{"href":"https:\/\/sv-nimritz.2ix.de\/startseite\/wp-json\/wp\/v2\/pages\/47","targetHints":{"allow":["GET"]}}],"collection":[{"href":"https:\/\/sv-nimritz.2ix.de\/startseite\/wp-json\/wp\/v2\/pages"}],"about":[{"href":"https:\/\/sv-nimritz.2ix.de\/startseite\/wp-json\/wp\/v2\/types\/page"}],"author":[{"embeddable":true,"href":"https:\/\/sv-nimritz.2ix.de\/startseite\/wp-json\/wp\/v2\/users\/1"}],"replies":[{"embeddable":true,"href":"https:\/\/sv-nimritz.2ix.de\/startseite\/wp-json\/wp\/v2\/comments?post=47"}],"version-history":[{"count":2,"href":"https:\/\/sv-nimritz.2ix.de\/startseite\/wp-json\/wp\/v2\/pages\/47\/revisions"}],"predecessor-version":[{"id":136,"href":"https:\/\/sv-nimritz.2ix.de\/startseite\/wp-json\/wp\/v2\/pages\/47\/revisions\/136"}],"wp:attachment":[{"href":"https:\/\/sv-nimritz.2ix.de\/startseite\/wp-json\/wp\/v2\/media?parent=47"}],"curies":[{"name":"wp","href":"https:\/\/api.w.org\/{rel}","templated":true}]}}